{"id":3,"date":"2019-04-08T16:07:05","date_gmt":"2019-04-08T13:07:05","guid":{"rendered":"http:\/\/nflaki.fi\/?page_id=3"},"modified":"2019-05-27T12:21:37","modified_gmt":"2019-05-27T09:21:37","slug":"tietosuojaseloste","status":"publish","type":"page","link":"https:\/\/nflaki.fi\/sv\/tietosuojaseloste\/","title":{"rendered":"Tietosuojaseloste"},"content":{"rendered":"\n<h2 class=\"wp-block-heading\">Sivustomme ei ker\u00e4\u00e4, eik\u00e4 tallenna k\u00e4vij\u00f6ist\u00e4 yksil\u00f6ivi\u00e4 henkil\u00f6tietoja<\/h2>\n\n\n\n<h3 class=\"wp-block-heading\">Ev\u00e4steet<\/h3>\n\n\n\n<p>K\u00e4yt\u00e4mme joitain ev\u00e4steit\u00e4, joiden avulla sinulle voidaan tarjota parempi k\u00e4ytt\u00e4j\u00e4kokemus, n\u00e4m\u00e4 eiv\u00e4t tallenna sinun henkil\u00f6kohtaisia tietojasi.<\/p>\n\n\n\n<h3 class=\"wp-block-heading\">Muilta sivustoilta upotettu sis\u00e4lt\u00f6<\/h3>\n\n\n\n<p>T\u00e4m\u00e4n sivuston artikkelit voivat sis\u00e4lt\u00e4\u00e4 upotettua sis\u00e4lt\u00f6\u00e4 (esimerkiksi videoita, kuvia, artikkeleita jne.). Toisilta sivustoilta tuodun upotetun sis\u00e4ll\u00f6n avaaminen on verrattavissa siihen, ett\u00e4 vierailija itse k\u00e4visi kolmannen osapuolen sivustolla.<\/p>\n\n\n\n<p>N\u00e4m\u00e4 sivustot voivat ker\u00e4t\u00e4 tietoa sinusta, k\u00e4ytt\u00e4\u00e4 ev\u00e4steit\u00e4, upottaa kolmannen osapuolen seurantaev\u00e4steit\u00e4 ja monitoroida vuorovaikutustasi upotetun sis\u00e4ll\u00f6n kanssa, mukaan lukien vuorovaikutuksen seuranta jos ja kun olet kirjautunut k\u00e4ytt\u00e4j\u00e4n\u00e4 sivustolle.<\/p>\n\n\n\n<h3 class=\"wp-block-heading\">Analytiikka<\/h3>\n\n\n\n<p>K\u00e4yt\u00e4mme k\u00e4vij\u00e4m\u00e4\u00e4rien analysointiin Google Analytics -palvelua<\/p>\n","protected":false},"excerpt":{"rendered":"<p>Sivustomme ei ker\u00e4\u00e4, eik\u00e4 tallenna k\u00e4vij\u00f6ist\u00e4 yksil\u00f6ivi\u00e4 henkil\u00f6tietoja Ev\u00e4steet K\u00e4yt\u00e4mme joitain ev\u00e4steit\u00e4, joiden avulla sinulle voidaan tarjota parempi k\u00e4ytt\u00e4j\u00e4kokemus, n\u00e4m\u00e4 eiv\u00e4t tallenna sinun henkil\u00f6kohtaisia tietojasi. Muilta sivustoilta upotettu sis\u00e4lt\u00f6 T\u00e4m\u00e4n sivuston artikkelit voivat sis\u00e4lt\u00e4\u00e4 upotettua sis\u00e4lt\u00f6\u00e4 (esimerkiksi videoita, kuvia, artikkeleita jne.). Toisilta sivustoilta tuodun upotetun sis\u00e4ll\u00f6n avaaminen on verrattavissa siihen, ett\u00e4 vierailija itse k\u00e4visi kolmannen &hellip; <\/p>\n<p class=\"link-more\"><a href=\"https:\/\/nflaki.fi\/sv\/tietosuojaseloste\/\" class=\"more-link\">Continue reading<span class=\"screen-reader-text\"> &#8220;Tietosuojaseloste&#8221;<\/span><\/a><\/p>\n","protected":false},"author":1,"featured_media":0,"parent":0,"menu_order":0,"comment_status":"closed","ping_status":"open","template":"","meta":{"footnotes":""},"translation":{"provider":"WPGlobus","version":"3.0.2","language":"sv","enabled_languages":["fi","en","sv"],"languages":{"fi":{"title":true,"content":true,"excerpt":false},"en":{"title":false,"content":false,"excerpt":false},"sv":{"title":false,"content":false,"excerpt":false}}},"_links":{"self":[{"href":"https:\/\/nflaki.fi\/sv\/wp-json\/wp\/v2\/pages\/3"}],"collection":[{"href":"https:\/\/nflaki.fi\/sv\/wp-json\/wp\/v2\/pages"}],"about":[{"href":"https:\/\/nflaki.fi\/sv\/wp-json\/wp\/v2\/types\/page"}],"author":[{"embeddable":true,"href":"https:\/\/nflaki.fi\/sv\/wp-json\/wp\/v2\/users\/1"}],"replies":[{"embeddable":true,"href":"https:\/\/nflaki.fi\/sv\/wp-json\/wp\/v2\/comments?post=3"}],"version-history":[{"count":2,"href":"https:\/\/nflaki.fi\/sv\/wp-json\/wp\/v2\/pages\/3\/revisions"}],"predecessor-version":[{"id":89,"href":"https:\/\/nflaki.fi\/sv\/wp-json\/wp\/v2\/pages\/3\/revisions\/89"}],"wp:attachment":[{"href":"https:\/\/nflaki.fi\/sv\/wp-json\/wp\/v2\/media?parent=3"}],"curies":[{"name":"wp","href":"https:\/\/api.w.org\/{rel}","templated":true}]}}