{"id":35,"date":"2019-05-10T16:36:59","date_gmt":"2019-05-10T13:36:59","guid":{"rendered":"http:\/\/nflaki.fi\/?page_id=35"},"modified":"2019-08-12T18:22:21","modified_gmt":"2019-08-12T15:22:21","slug":"palvelumme","status":"publish","type":"page","link":"https:\/\/nflaki.fi\/sv\/palvelumme\/","title":{"rendered":"Tj\u00e4nster"},"content":{"rendered":"\n<p>Vi erbjuder\njuridiskt kunnande genom bl.a. r\u00e5dgivning, uppg\u00f6rande av dokument samt\nbitr\u00e4dande vid r\u00e4tteg\u00e5ngar och f\u00f6rhandlingar. <\/p>\n\n\n\n<p>Till v\u00e5ra\nverksamhetsprinciper h\u00f6r f\u00f6rtroende och kostnadseffektivitet. <\/p>\n\n\n\n<p>V\u00e5r debitering grundar sig p\u00e5 anv\u00e4nd tid och utf\u00f6rda\n\u00e5tg\u00e4rder. Vid den f\u00f6rsta diskussionen ges en arvodesuppskattning, om s\u00e5 \u00f6nskas.\n<\/p>\n\n\n\n<h2 class=\"wp-block-heading\"><strong>TILL F\u00d6RETAG<\/strong><\/h2>\n\n\n\n<p>V\u00e5r byr\u00e5 \u00e4r specialiserad p\u00e5 insolvensjuridik och speciellt p\u00e5 konkursf\u00f6rfaranden. <\/p>\n\n\n\n<p>D\u00e4rtill sk\u00f6ter\nvi uppdrag som ber\u00f6r f\u00f6ljande juridiska omr\u00e5den:<\/p>\n\n\n\n<ul><li>processr\u00e4tt, r\u00e4tteg\u00e5ngar<\/li><li>bolagsr\u00e4tt<\/li><li>avtals- och skadest\u00e5ndsr\u00e4tt<\/li><li>allm\u00e4n aff\u00e4rsjuridik<\/li><\/ul>\n\n\n\n<p><strong>TILL PRIVATPERSONER<\/strong><\/p>\n\n\n\n<p><br>\n\u00c5t privatpersoner erbjuder vi tj\u00e4nster speciellt fr\u00e5n f\u00f6ljande r\u00e4ttsomr\u00e5den:<\/p>\n\n\n\n<ul><li>arvs- och familjer\u00e4tt, som exempel \u00e4ktenskapsf\u00f6rord, testamenten, bouppteckningar, arvskiften<\/li><li>avtalsr\u00e4tt<\/li><li>processr\u00e4tt<\/li><li>bostad-och fastighetsr\u00e4tt <\/li><\/ul>\n\n\n\n<p> <\/p>\n","protected":false},"excerpt":{"rendered":"<p>Vi erbjuder juridiskt kunnande genom bl.a. r\u00e5dgivning, uppg\u00f6rande av dokument samt bitr\u00e4dande vid r\u00e4tteg\u00e5ngar och f\u00f6rhandlingar. Till v\u00e5ra verksamhetsprinciper h\u00f6r f\u00f6rtroende och kostnadseffektivitet. V\u00e5r debitering grundar sig p\u00e5 anv\u00e4nd tid och utf\u00f6rda \u00e5tg\u00e4rder. Vid den f\u00f6rsta diskussionen ges en arvodesuppskattning, om s\u00e5 \u00f6nskas. TILL F\u00d6RETAG V\u00e5r byr\u00e5 \u00e4r specialiserad p\u00e5 insolvensjuridik och speciellt p\u00e5 konkursf\u00f6rfaranden. &hellip; <\/p>\n<p class=\"link-more\"><a href=\"https:\/\/nflaki.fi\/sv\/palvelumme\/\" class=\"more-link\">Continue reading<span class=\"screen-reader-text\"> &#8220;Tj\u00e4nster&#8221;<\/span><\/a><\/p>\n","protected":false},"author":1,"featured_media":45,"parent":0,"menu_order":0,"comment_status":"closed","ping_status":"closed","template":"","meta":{"footnotes":""},"translation":{"provider":"WPGlobus","version":"3.0.2","language":"sv","enabled_languages":["fi","en","sv"],"languages":{"fi":{"title":true,"content":true,"excerpt":false},"en":{"title":true,"content":true,"excerpt":false},"sv":{"title":true,"content":true,"excerpt":false}}},"_links":{"self":[{"href":"https:\/\/nflaki.fi\/sv\/wp-json\/wp\/v2\/pages\/35"}],"collection":[{"href":"https:\/\/nflaki.fi\/sv\/wp-json\/wp\/v2\/pages"}],"about":[{"href":"https:\/\/nflaki.fi\/sv\/wp-json\/wp\/v2\/types\/page"}],"author":[{"embeddable":true,"href":"https:\/\/nflaki.fi\/sv\/wp-json\/wp\/v2\/users\/1"}],"replies":[{"embeddable":true,"href":"https:\/\/nflaki.fi\/sv\/wp-json\/wp\/v2\/comments?post=35"}],"version-history":[{"count":10,"href":"https:\/\/nflaki.fi\/sv\/wp-json\/wp\/v2\/pages\/35\/revisions"}],"predecessor-version":[{"id":101,"href":"https:\/\/nflaki.fi\/sv\/wp-json\/wp\/v2\/pages\/35\/revisions\/101"}],"wp:featuredmedia":[{"embeddable":true,"href":"https:\/\/nflaki.fi\/sv\/wp-json\/wp\/v2\/media\/45"}],"wp:attachment":[{"href":"https:\/\/nflaki.fi\/sv\/wp-json\/wp\/v2\/media?parent=35"}],"curies":[{"name":"wp","href":"https:\/\/api.w.org\/{rel}","templated":true}]}}