{"id":8,"date":"2019-04-08T16:08:56","date_gmt":"2019-04-08T13:08:56","guid":{"rendered":"http:\/\/nflaki.fi\/?page_id=8"},"modified":"2019-08-12T18:25:36","modified_gmt":"2019-08-12T15:25:36","slug":"etusivu","status":"publish","type":"page","link":"https:\/\/nflaki.fi\/sv\/","title":{"rendered":"Presentation"},"content":{"rendered":"\n<p>Advokatbyr\u00e5\nNylund-Federley Ab erbjuder juridiska tj\u00e4nster \u00e5t b\u00e5de f\u00f6retag och\nprivatpersoner. <\/p>\n\n\n\n<p>Som m\u00e5l har vi att\nkunden alltid \u00e4r n\u00f6jd med v\u00e5r sakk\u00e4nnedom och service. Vi anser att detta \u00e4r\ngrunden f\u00f6r ett l\u00e5ngvarigt kundf\u00f6rh\u00e5llande. <\/p>\n\n\n\n<p>Vi befinner oss\ni centrum av Helsingfors, i Aikatalo p\u00e5 Mikaelsgatan. <\/p>\n\n\n\n<p>V\u00e5r byr\u00e5 \u00e4r\nmedlem av Finlands Advokatf\u00f6rbund och i v\u00e5r verksamhet f\u00f6ljer vi deras v\u00e4gledande\nregler och f\u00f6rordningar samt god advokatsed.<\/p>\n","protected":false},"excerpt":{"rendered":"<p>Advokatbyr\u00e5 Nylund-Federley Ab erbjuder juridiska tj\u00e4nster \u00e5t b\u00e5de f\u00f6retag och privatpersoner. Som m\u00e5l har vi att kunden alltid \u00e4r n\u00f6jd med v\u00e5r sakk\u00e4nnedom och service. Vi anser att detta \u00e4r grunden f\u00f6r ett l\u00e5ngvarigt kundf\u00f6rh\u00e5llande. Vi befinner oss i centrum av Helsingfors, i Aikatalo p\u00e5 Mikaelsgatan. V\u00e5r byr\u00e5 \u00e4r medlem av Finlands Advokatf\u00f6rbund och i &hellip; <\/p>\n<p class=\"link-more\"><a href=\"https:\/\/nflaki.fi\/sv\/\" class=\"more-link\">Continue reading<span class=\"screen-reader-text\"> &#8220;Presentation&#8221;<\/span><\/a><\/p>\n","protected":false},"author":1,"featured_media":0,"parent":0,"menu_order":0,"comment_status":"closed","ping_status":"closed","template":"","meta":{"footnotes":""},"translation":{"provider":"WPGlobus","version":"3.0.2","language":"sv","enabled_languages":["fi","en","sv"],"languages":{"fi":{"title":true,"content":true,"excerpt":false},"en":{"title":true,"content":true,"excerpt":false},"sv":{"title":true,"content":true,"excerpt":false}}},"_links":{"self":[{"href":"https:\/\/nflaki.fi\/sv\/wp-json\/wp\/v2\/pages\/8"}],"collection":[{"href":"https:\/\/nflaki.fi\/sv\/wp-json\/wp\/v2\/pages"}],"about":[{"href":"https:\/\/nflaki.fi\/sv\/wp-json\/wp\/v2\/types\/page"}],"author":[{"embeddable":true,"href":"https:\/\/nflaki.fi\/sv\/wp-json\/wp\/v2\/users\/1"}],"replies":[{"embeddable":true,"href":"https:\/\/nflaki.fi\/sv\/wp-json\/wp\/v2\/comments?post=8"}],"version-history":[{"count":8,"href":"https:\/\/nflaki.fi\/sv\/wp-json\/wp\/v2\/pages\/8\/revisions"}],"predecessor-version":[{"id":102,"href":"https:\/\/nflaki.fi\/sv\/wp-json\/wp\/v2\/pages\/8\/revisions\/102"}],"wp:attachment":[{"href":"https:\/\/nflaki.fi\/sv\/wp-json\/wp\/v2\/media?parent=8"}],"curies":[{"name":"wp","href":"https:\/\/api.w.org\/{rel}","templated":true}]}}